{"id":42,"date":"2023-05-11T12:09:48","date_gmt":"2023-05-11T10:09:48","guid":{"rendered":"https:\/\/lesamisduciel.fr\/wordpress\/index.php\/hugo-wp\/"},"modified":"2023-11-14T23:27:52","modified_gmt":"2023-11-14T22:27:52","slug":"hugo-wp","status":"publish","type":"page","link":"https:\/\/www.astro-beau.fr\/","title":{"rendered":"Accueil"},"content":{"rendered":"<div data-colibri-id=\"42-c1\" class=\"style-192 style-local-42-c1 position-relative\">\n  <!---->\n  <div data-colibri-component=\"section\" data-colibri-id=\"42-c2\" id=\"team\" class=\"h-section h-section-global-spacing d-flex align-items-lg-center align-items-md-center align-items-center style-272 style-local-42-c2 position-relative\">\n    <!---->\n    <!---->\n    <div class=\"h-section-grid-container h-section-boxed-container\">\n      <div data-colibri-id=\"42-c19\" class=\"h-row-container gutters-row-lg-2 gutters-row-md-2 gutters-row-2 gutters-row-v-lg-2 gutters-row-v-md-2 gutters-row-v-2 style-282 style-local-42-c19 position-relative\">\n        <!---->\n        <div class=\"h-row justify-content-lg-start justify-content-md-start justify-content-start align-items-lg-stretch align-items-md-stretch align-items-stretch gutters-col-lg-2 gutters-col-md-2 gutters-col-2 gutters-col-v-lg-2 gutters-col-v-md-2 gutters-col-v-2\">\n          <!---->\n          <div class=\"h-column h-column-container d-flex h-col-lg-auto h-col-md-auto h-col-auto style-283-outer style-local-42-c20-outer\">\n            <div data-colibri-id=\"42-c20\" class=\"d-flex h-flex-basis h-column__inner h-px-lg-2 h-px-md-2 h-px-0 v-inner-lg-2 v-inner-md-2 v-inner-0 style-283 style-local-42-c20 position-relative\">\n              <!---->\n              <!---->\n              <div class=\"w-100 h-y-container h-column__content h-column__v-align flex-basis-100 align-self-lg-start align-self-md-start align-self-start\">\n                <!---->\n                <div data-colibri-id=\"42-c21\" class=\"h-global-transition-all h-heading style-284 style-local-42-c21 position-relative h-element\">\n                  <!---->\n                  <div class=\"h-heading__outer style-284 style-local-42-c21\">\n                    <!---->\n                    <!---->\n                    <h2 class=\"\">L&rsquo;\u00e9quipe<\/h2>\n                  <\/div>\n                <\/div>\n              <\/div>\n            <\/div>\n          <\/div>\n        <\/div>\n      <\/div>\n      <div data-colibri-id=\"42-c3\" class=\"h-row-container gutters-row-lg-2 gutters-row-md-2 gutters-row-2 gutters-row-v-lg-2 gutters-row-v-md-2 gutters-row-v-2 style-273 style-local-42-c3 position-relative\">\n        <!---->\n        <div class=\"h-row justify-content-lg-center justify-content-md-center justify-content-center align-items-lg-stretch align-items-md-stretch align-items-stretch gutters-col-lg-2 gutters-col-md-2 gutters-col-2 gutters-col-v-lg-2 gutters-col-v-md-2 gutters-col-v-2\">\n          <!---->\n          <div class=\"h-column h-column-container d-flex h-col-lg-4 h-col-md-6 h-col-12 style-274-outer style-local-42-c4-outer\">\n            <div data-colibri-id=\"42-c4\" class=\"d-flex h-flex-basis h-column__inner h-px-lg-2 h-px-md-2 h-px-0 v-inner-lg-2 v-inner-md-2 v-inner-2 style-274 style-local-42-c4 position-relative\">\n              <!---->\n              <!---->\n              <div class=\"w-100 h-y-container h-column__content h-column__v-align flex-basis-100 align-self-lg-start align-self-md-start align-self-start\">\n                <!---->\n                <div data-colibri-id=\"42-c5\" class=\"d-block style-275 style-local-42-c5 position-relative h-element\">\n                  <!---->\n                  <div class=\"h-image__frame-container-outer\">\n                    <div class=\"h-image__frame-container\">\n                      <!---->\n                      <!---->\n                      <img loading=\"lazy\" decoding=\"async\" width=\"565\" height=\"704\" src=\"https:\/\/astro-beau.fr\/wordpress\/wp-content\/uploads\/2023\/06\/photo_2023-06-16_17-20-02.jpg\" class=\"wp-image-243 style-275-image style-local-42-c5-image\" alt=\"\" \/>\n                      <div class=\"h-image__frame h-hide-lg h-hide-md h-hide-sm style-275-frameImage style-local-42-c5-frameImage\"><\/div>\n                    <\/div>\n                  <\/div>\n                <\/div>\n                <div data-colibri-id=\"42-c6\" class=\"h-global-transition-all h-heading style-276 style-local-42-c6 position-relative h-element\">\n                  <!---->\n                  <div class=\"h-heading__outer style-276 style-local-42-c6\">\n                    <!---->\n                    <!---->\n                    <h4 class=\"\">Pierre Pasternak<\/h4>\n                  <\/div>\n                <\/div>\n                <div data-colibri-id=\"42-c7\" class=\"h-text h-text-component style-277 style-local-42-c7 position-relative h-element\">\n                  <!---->\n                  <!---->\n                  <div class=\"\">\n                    <p>President<\/p>\n                  <\/div>\n                <\/div>\n                <div data-colibri-id=\"42-c8\" class=\"h-text h-text-component style-278 style-local-42-c8 position-relative h-element\">\n                  <!---->\n                  <!---->\n                  <div class=\"\">\n                    <p>J&rsquo;ai toujours r\u00eav\u00e9 d&rsquo;astronomie, mais ne l&rsquo;ai d\u00e9couvert qu&rsquo;assez r\u00e9cemment, et suis litt\u00e9ralement tomb\u00e9 dedans depuis. Je me suis \u00e9quip\u00e9 pour observer visuellement le ciel nocturne et le soleil, et faire partager ces merveilles.\n                      <br>Je pratique \u00e9galement l&rsquo;astrophotographie, mais il me reste encore beaucoup de chemin \u00e0 parcourir pour ma\u00eetriser pleinement cette pratique, que nous pourrions faire ensemble.\n                      <br>\n                    <\/p>\n                  <\/div>\n                <\/div>\n              <\/div>\n            <\/div>\n          <\/div>\n          <div class=\"h-column h-column-container d-flex h-col-lg-4 h-col-md-6 h-col-12 style-274-outer style-local-42-c9-outer\">\n            <div data-colibri-id=\"42-c9\" class=\"d-flex h-flex-basis h-column__inner h-px-lg-2 h-px-md-2 h-px-0 v-inner-lg-2 v-inner-md-2 v-inner-2 style-274 style-local-42-c9 position-relative\">\n              <!---->\n              <!---->\n              <div class=\"w-100 h-y-container h-column__content h-column__v-align flex-basis-100 align-self-lg-start align-self-md-start align-self-start\">\n                <!---->\n                <div data-colibri-id=\"42-c10\" class=\"d-block style-280 style-local-42-c10 position-relative h-element\">\n                  <!---->\n                  <div class=\"h-image__frame-container-outer\">\n                    <div class=\"h-image__frame-container\">\n                      <!---->\n                      <!---->\n                      <img loading=\"lazy\" decoding=\"async\" width=\"272\" height=\"272\" src=\"https:\/\/astro-beau.fr\/wordpress\/wp-content\/uploads\/2023\/06\/cropped-fs.jpg\" class=\"wp-image-98 style-280-image style-local-42-c10-image\" alt=\"\" srcset=\"https:\/\/www.astro-beau.fr\/wp-content\/uploads\/2023\/06\/cropped-fs.jpg 272w, https:\/\/www.astro-beau.fr\/wp-content\/uploads\/2023\/06\/cropped-fs-150x150.jpg 150w\" sizes=\"auto, (max-width: 272px) 100vw, 272px\" \/>\n                      <div class=\"h-image__frame h-hide-lg h-hide-md h-hide-sm style-280-frameImage style-local-42-c10-frameImage\"><\/div>\n                    <\/div>\n                  <\/div>\n                <\/div>\n                <div data-colibri-id=\"42-c11\" class=\"h-global-transition-all h-heading style-276 style-local-42-c11 position-relative h-element\">\n                  <!---->\n                  <div class=\"h-heading__outer style-276 style-local-42-c11\">\n                    <!---->\n                    <!---->\n                    <h4 class=\"\">Fran\u00e7ois Sm\u00e9riglio<\/h4>\n                  <\/div>\n                <\/div>\n                <div data-colibri-id=\"42-c12\" class=\"h-text h-text-component style-277 style-local-42-c12 position-relative h-element\">\n                  <!---->\n                  <!---->\n                  <div class=\"\">\n                    <p>Tr\u00e9sorier<\/p>\n                  <\/div>\n                <\/div>\n                <div data-colibri-id=\"42-c13\" class=\"h-text h-text-component style-278 style-local-42-c13 position-relative h-element\">\n                  <!---->\n                  <!---->\n                  <div class=\"\">\n                    <p>Ma passion pour l&rsquo;espace a commenc\u00e9 quand l&rsquo;homme a march\u00e9 sur la Lune. N&rsquo;ayant pas les moyens pour m&rsquo;acheter une fus\u00e9e je me suis achet\u00e9 un petit t\u00e9lescope 115&#215;900 dans les ann\u00e9es 80 et je me suis vite dirig\u00e9 vers l\u2019astrophotographie\n                      nocturne et solaire avec des instruments plus appropri\u00e9s.\n                      <br>\n                    <\/p>\n                  <\/div>\n                <\/div>\n              <\/div>\n            <\/div>\n          <\/div>\n          <div class=\"h-column h-column-container d-flex h-col-lg-4 h-col-md-6 h-col-12 style-274-outer style-local-42-c14-outer\">\n            <div data-colibri-id=\"42-c14\" class=\"d-flex h-flex-basis h-column__inner h-px-lg-2 h-px-md-2 h-px-0 v-inner-lg-2 v-inner-md-2 v-inner-2 style-274 style-local-42-c14 position-relative\">\n              <!---->\n              <!---->\n              <div class=\"w-100 h-y-container h-column__content h-column__v-align flex-basis-100 align-self-lg-start align-self-md-start align-self-start\">\n                <!---->\n                <div data-colibri-id=\"42-c15\" class=\"d-block style-281 style-local-42-c15 position-relative h-element\">\n                  <!---->\n                  <div class=\"h-image__frame-container-outer\">\n                    <div class=\"h-image__frame-container\">\n                      <!---->\n                      <!---->\n                      <img loading=\"lazy\" decoding=\"async\" width=\"272\" height=\"272\" src=\"https:\/\/astro-beau.fr\/wordpress\/wp-content\/uploads\/2023\/06\/cropped-pl.jpg\" class=\"wp-image-100 style-281-image style-local-42-c15-image\" alt=\"\" srcset=\"https:\/\/www.astro-beau.fr\/wp-content\/uploads\/2023\/06\/cropped-pl.jpg 272w, https:\/\/www.astro-beau.fr\/wp-content\/uploads\/2023\/06\/cropped-pl-150x150.jpg 150w\" sizes=\"auto, (max-width: 272px) 100vw, 272px\" \/>\n                      <div class=\"h-image__frame h-hide-lg h-hide-md h-hide-sm style-281-frameImage style-local-42-c15-frameImage\"><\/div>\n                    <\/div>\n                  <\/div>\n                <\/div>\n                <div data-colibri-id=\"42-c16\" class=\"h-global-transition-all h-heading style-276 style-local-42-c16 position-relative h-element\">\n                  <!---->\n                  <div class=\"h-heading__outer style-276 style-local-42-c16\">\n                    <!---->\n                    <!---->\n                    <h4 class=\"\">Patrick Lagrange<\/h4>\n                  <\/div>\n                <\/div>\n                <div data-colibri-id=\"42-c17\" class=\"h-text h-text-component style-277 style-local-42-c17 position-relative h-element\">\n                  <!---->\n                  <!---->\n                  <div class=\"\">\n                    <p>Secr\u00e9taire<\/p>\n                  <\/div>\n                <\/div>\n                <div data-colibri-id=\"42-c18\" class=\"h-text h-text-component style-278 style-local-42-c18 position-relative h-element\">\n                  <!---->\n                  <!---->\n                  <div class=\"\">\n                    <p>Mon grand-p\u00e8re m&rsquo;a inocul\u00e9 le virus de l&rsquo;astronomie en 1961. En 1971 je me suis inscrit \u00e0 la SAF. Et apr\u00e8s plusieurs camps d&rsquo;astronomie au sein du club Orion, je me suis mis \u00e0 transmettre ma passion d\u00e8s 1989 au sein de divers associations.\n                      J&rsquo;ai fini ma carri\u00e8re de m\u00e9diateur scientifique au Centre d&rsquo;Astronomie de Saint Michel l&rsquo;Observatoire. Maintenant \u00e0 la retraite, mon envie de partager l&rsquo;astronomie reste intact.<\/p>\n                  <\/div>\n                <\/div>\n              <\/div>\n            <\/div>\n          <\/div>\n        <\/div>\n      <\/div>\n    <\/div>\n  <\/div>\n  <div data-colibri-component=\"section\" data-colibri-id=\"42-c22\" id=\"contact\" class=\"h-section h-section-global-spacing d-flex align-items-lg-center align-items-md-center align-items-center style-302 style-local-42-c22 position-relative\">\n    <!---->\n    <!---->\n    <div class=\"h-section-grid-container h-section-boxed-container\">\n      <!---->\n      <div data-colibri-id=\"42-c23\" class=\"h-row-container gutters-row-lg-2 gutters-row-md-2 gutters-row-2 gutters-row-v-lg-2 gutters-row-v-md-2 gutters-row-v-2 style-303 style-local-42-c23 position-relative\">\n        <!---->\n        <div class=\"h-row justify-content-lg-center justify-content-md-center justify-content-center align-items-lg-stretch align-items-md-stretch align-items-stretch gutters-col-lg-2 gutters-col-md-2 gutters-col-2 gutters-col-v-lg-2 gutters-col-v-md-2 gutters-col-v-2\">\n          <!---->\n          <div class=\"h-column h-column-container d-flex h-col-lg-auto h-col-md-auto h-col-auto style-304-outer style-local-42-c24-outer\">\n            <div data-colibri-id=\"42-c24\" class=\"d-flex h-flex-basis h-column__inner h-px-lg-2 h-px-md-2 h-px-0 v-inner-lg-2 v-inner-md-2 v-inner-0 style-304 style-local-42-c24 position-relative\">\n              <!---->\n              <!---->\n              <div class=\"w-100 h-y-container h-column__content h-column__v-align flex-basis-100 align-self-lg-start align-self-md-start align-self-start\">\n                <!---->\n                <div data-colibri-id=\"42-c25\" class=\"h-global-transition-all h-heading style-305 style-local-42-c25 position-relative h-element\">\n                  <!---->\n                  <div class=\"h-heading__outer style-305 style-local-42-c25\">\n                    <!---->\n                    <!---->\n                    <h3 class=\"\">Contactez nous<\/h3>\n                  <\/div>\n                <\/div>\n                <div data-colibri-id=\"42-c26\" class=\"h-text h-text-component style-306 style-local-42-c26 position-relative h-element\">\n                  <!---->\n                  <!---->\n                  <div class=\"\">\n                    <p>N&rsquo;h\u00e9sitez pas \u00e0 nous contacter pour tout renseignement : programme des observations, groupes, manifestations&#8230;\n                      <br>\n                    <\/p>\n                  <\/div>\n                <\/div>\n                <div data-colibri-id=\"42-c27\" class=\"h-row-container gutters-row-lg-2 gutters-row-md-2 gutters-row-0 gutters-row-v-lg-3 gutters-row-v-md-3 gutters-row-v-3 style-307 style-local-42-c27 position-relative\">\n                  <!---->\n                  <div class=\"h-row justify-content-lg-center justify-content-md-center justify-content-center align-items-lg-stretch align-items-md-stretch align-items-stretch gutters-col-lg-2 gutters-col-md-2 gutters-col-0 gutters-col-v-lg-3 gutters-col-v-md-3 gutters-col-v-3\">\n                    <!---->\n                    <div class=\"h-column h-column-container d-flex h-col-lg-6 h-col-md-12 h-col-12 style-308-outer style-local-42-c28-outer\">\n                      <div data-colibri-id=\"42-c28\" class=\"d-flex h-flex-basis h-column__inner h-px-lg-0 h-px-md-0 h-px-0 v-inner-lg-0 v-inner-md-0 v-inner-0 style-308 style-local-42-c28 position-relative\">\n                        <!---->\n                        <!---->\n                        <div class=\"w-100 h-y-container h-column__content h-column__v-align flex-basis-100 align-self-lg-start align-self-md-start align-self-start\">\n                          <!---->\n                          <div data-colibri-id=\"42-c29\" class=\"h-global-transition-all h-heading style-309 style-local-42-c29 position-relative h-element\">\n                            <!---->\n                            <div class=\"h-heading__outer style-309 style-local-42-c29\">\n                              <!---->\n                              <!---->\n                              <h4 class=\"\">E-mail<\/h4>\n                            <\/div>\n                          <\/div>\n                          <div data-colibri-id=\"42-c30\" class=\"h-x-container style-310 style-local-42-c30 position-relative h-element\">\n                            <!---->\n                            <div class=\"h-x-container-inner style-dynamic-42-c30-group style-310-spacing style-local-42-c30-spacing\"><span class=\"h-link__outer style-311-outer style-local-42-c31-outer d-inline-flex h-element\"><a h-use-smooth-scroll=\"true\" href=\"astro.beau@orange.fr\"  data-colibri-id=\"42-c31\" class=\"d-flex w-100 align-items-center h-link style-311 style-local-42-c31 position-relative\"><!----><!----> <span>astro.beau@orange.fr<\/span><\/a>\n                              <\/span>\n                            <\/div>\n                          <\/div>\n                        <\/div>\n                      <\/div>\n                    <\/div>\n                    <div class=\"h-column h-column-container d-flex h-col-lg-6 h-col-md-12 h-col-12 style-308-outer style-local-42-c32-outer\">\n                      <div data-colibri-id=\"42-c32\" class=\"d-flex h-flex-basis h-column__inner h-px-lg-0 h-px-md-0 h-px-0 v-inner-lg-0 v-inner-md-0 v-inner-0 style-308 style-local-42-c32 position-relative\">\n                        <!---->\n                        <!---->\n                        <div class=\"w-100 h-y-container h-column__content h-column__v-align flex-basis-100 align-self-lg-start align-self-md-start align-self-start\">\n                          <!---->\n                          <div data-colibri-id=\"42-c33\" class=\"h-global-transition-all h-heading style-309 style-local-42-c33 position-relative h-element\">\n                            <!---->\n                            <div class=\"h-heading__outer style-309 style-local-42-c33\">\n                              <!---->\n                              <!---->\n                              <h4 class=\"\">T\u00e9l\u00e9phone<\/h4>\n                            <\/div>\n                          <\/div>\n                          <div data-colibri-id=\"42-c34\" class=\"h-x-container style-312 style-local-42-c34 position-relative h-element\">\n                            <!---->\n                            <div class=\"h-x-container-inner style-dynamic-42-c34-group style-312-spacing style-local-42-c34-spacing\"><span class=\"h-link__outer style-313-outer style-local-42-c35-outer d-inline-flex h-element\"><a h-use-smooth-scroll=\"true\" href=\"\"  data-colibri-id=\"42-c35\" class=\"d-flex w-100 align-items-center h-link style-313 style-local-42-c35 position-relative\"><!----><!----> <span>06 61 93 82 25 &#8211; 06 88 46 40 79<\/span><\/a>\n                              <\/span><span class=\"h-link__outer style-320-outer style-local-42-c36-outer d-inline-flex h-element\"><a h-use-smooth-scroll=\"true\" href=\"\"  data-colibri-id=\"42-c36\" class=\"d-flex w-100 align-items-center h-link style-320 style-local-42-c36 position-relative\"><!----><!----> <span>06 10 94 30 49<\/span><\/a>\n                              <\/span>\n                            <\/div>\n                          <\/div>\n                        <\/div>\n                      <\/div>\n                    <\/div>\n                    <div class=\"h-column h-column-container d-flex h-col-lg-6 h-col-md-12 h-col-12 style-308-outer style-local-42-c37-outer\">\n                      <div data-colibri-id=\"42-c37\" class=\"d-flex h-flex-basis h-column__inner h-px-lg-0 h-px-md-0 h-px-0 v-inner-lg-0 v-inner-md-0 v-inner-0 style-308 style-local-42-c37 position-relative\">\n                        <!---->\n                        <!---->\n                        <div class=\"w-100 h-y-container h-column__content h-column__v-align flex-basis-100 align-self-lg-start align-self-md-start align-self-start\">\n                          <!---->\n                          <div data-colibri-id=\"42-c38\" class=\"h-global-transition-all h-heading style-309 style-local-42-c38 position-relative h-element\">\n                            <!---->\n                            <div class=\"h-heading__outer style-309 style-local-42-c38\">\n                              <!---->\n                              <!---->\n                              <h4 class=\"\">Addresse<\/h4>\n                            <\/div>\n                          <\/div>\n                          <div data-colibri-id=\"42-c39\" class=\"h-text h-text-component style-314 style-local-42-c39 position-relative h-element\">\n                            <!---->\n                            <!---->\n                            <div class=\"\">\n                              <p>Astro beau !\n                                <br>\n                              <\/p>\n                              <p>324 chemin de la Rochonne\n                                <br>\n                              <\/p>\n                              <p>04110 Reillanne\n                                <br>\n                              <\/p>\n                            <\/div>\n                          <\/div>\n                        <\/div>\n                      <\/div>\n                    <\/div>\n                    <div class=\"h-column h-column-container d-flex h-col-lg-6 h-col-md-12 h-col-12 style-308-outer style-local-42-c40-outer\">\n                      <div data-colibri-id=\"42-c40\" class=\"d-flex h-flex-basis h-column__inner h-ui-empty-state-container h-px-lg-0 h-px-md-0 h-px-0 v-inner-lg-0 v-inner-md-0 v-inner-0 style-308 style-local-42-c40 position-relative\">\n                        <!---->\n                        <!---->\n                        <div class=\"w-100 h-y-container h-column__content h-column__v-align flex-basis-100\">\n                          <!---->\n                        <\/div>\n                      <\/div>\n                    <\/div>\n                  <\/div>\n                <\/div>\n              <\/div>\n            <\/div>\n          <\/div>\n          <div class=\"h-column h-column-container d-flex h-col-lg-auto h-col-md-auto h-col-auto style-316-outer style-local-42-c41-outer\">\n            <div data-colibri-id=\"42-c41\" class=\"d-flex h-flex-basis h-column__inner h-ui-empty-state-container h-px-lg-2 h-px-md-2 h-px-0 v-inner-lg-2 v-inner-md-2 v-inner-2 style-316 style-local-42-c41 position-relative\">\n              <!---->\n              <!---->\n              <div class=\"w-100 h-y-container h-column__content h-column__v-align flex-basis-100\">\n                <!---->\n              <\/div>\n            <\/div>\n          <\/div>\n        <\/div>\n      <\/div>\n    <\/div>\n  <\/div>\n<\/div>","protected":false},"excerpt":{"rendered":"<p>L&rsquo;\u00e9quipe Pierre Pasternak President J&rsquo;ai toujours r\u00eav\u00e9 d&rsquo;astronomie, mais ne l&rsquo;ai d\u00e9couvert qu&rsquo;assez r\u00e9cemment, et suis litt\u00e9ralement tomb\u00e9 dedans depuis. Je me suis \u00e9quip\u00e9 pour observer visuellement le ciel nocturne et le soleil, et faire partager ces merveilles. Je pratique \u00e9galement l&rsquo;astrophotographie, mais il me reste encore beaucoup de chemin \u00e0 parcourir pour ma\u00eetriser pleinement [&hellip;]<\/p>\n","protected":false},"author":3,"featured_media":0,"parent":0,"menu_order":0,"comment_status":"closed","ping_status":"closed","template":"page-templates\/homepage.php","meta":{"footnotes":""},"class_list":["post-42","page","type-page","status-publish","hentry"],"_links":{"self":[{"href":"https:\/\/www.astro-beau.fr\/index.php\/wp-json\/wp\/v2\/pages\/42","targetHints":{"allow":["GET"]}}],"collection":[{"href":"https:\/\/www.astro-beau.fr\/index.php\/wp-json\/wp\/v2\/pages"}],"about":[{"href":"https:\/\/www.astro-beau.fr\/index.php\/wp-json\/wp\/v2\/types\/page"}],"author":[{"embeddable":true,"href":"https:\/\/www.astro-beau.fr\/index.php\/wp-json\/wp\/v2\/users\/3"}],"replies":[{"embeddable":true,"href":"https:\/\/www.astro-beau.fr\/index.php\/wp-json\/wp\/v2\/comments?post=42"}],"version-history":[{"count":20,"href":"https:\/\/www.astro-beau.fr\/index.php\/wp-json\/wp\/v2\/pages\/42\/revisions"}],"predecessor-version":[{"id":455,"href":"https:\/\/www.astro-beau.fr\/index.php\/wp-json\/wp\/v2\/pages\/42\/revisions\/455"}],"wp:attachment":[{"href":"https:\/\/www.astro-beau.fr\/index.php\/wp-json\/wp\/v2\/media?parent=42"}],"curies":[{"name":"wp","href":"https:\/\/api.w.org\/{rel}","templated":true}]}}